{"id":4046,"date":"2022-07-19T18:35:14","date_gmt":"2022-07-19T16:35:14","guid":{"rendered":"https:\/\/nuriaaymerich.net\/pif\/vestido-estampado-con-pedreria-lila-y-amarillo\/"},"modified":"2025-12-19T23:37:07","modified_gmt":"2025-12-19T22:37:07","slug":"vestido-estampado-con-pedreria-lila-y-amarillo","status":"publish","type":"product","link":"https:\/\/nuriaaymerich.net\/pif\/vestido-estampado-con-pedreria-lila-y-amarillo\/","title":{"rendered":"Vestido estampado con pedrer\u00eda, lila y amarillo"},"content":{"rendered":"<p>Vestido en crepe de seda, estampado floral con pedrer\u00eda, lila y amarillo. Con pa\u00f1uelo a juego<\/p>\n","protected":false},"excerpt":{"rendered":"<p>Vestido estampado floral con pedrer\u00eda, lila y amarillo<\/p>\n","protected":false},"featured_media":4040,"template":"","meta":{"site-sidebar-layout":"default","site-content-layout":"","ast-site-content-layout":"default","site-content-style":"default","site-sidebar-style":"default","ast-global-header-display":"","ast-banner-title-visibility":"","ast-main-header-display":"","ast-hfb-above-header-display":"","ast-hfb-below-header-display":"","ast-hfb-mobile-header-display":"","site-post-title":"","ast-breadcrumbs-content":"","ast-featured-img":"","footer-sml-layout":"","ast-disable-related-posts":"","theme-transparent-header-meta":"default","adv-header-id-meta":"","stick-header-meta":"","header-above-stick-meta":"","header-main-stick-meta":"","header-below-stick-meta":"","astra-migrate-meta-layouts":"set","ast-page-background-enabled":"default","ast-page-background-meta":{"desktop":{"background-color":"var(--ast-global-color-4)","background-image":"","background-repeat":"repeat","background-position":"center center","background-size":"auto","background-attachment":"scroll","background-type":"","background-media":"","overlay-type":"","overlay-color":"","overlay-opacity":"","overlay-gradient":""},"tablet":{"background-color":"","background-image":"","background-repeat":"repeat","background-position":"center center","background-size":"auto","background-attachment":"scroll","background-type":"","background-media":"","overlay-type":"","overlay-color":"","overlay-opacity":"","overlay-gradient":""},"mobile":{"background-color":"","background-image":"","background-repeat":"repeat","background-position":"center center","background-size":"auto","background-attachment":"scroll","background-type":"","background-media":"","overlay-type":"","overlay-color":"","overlay-opacity":"","overlay-gradient":""}},"ast-content-background-meta":{"desktop":{"background-color":"var(--ast-global-color-5)","background-image":"","background-repeat":"repeat","background-position":"center center","background-size":"auto","background-attachment":"scroll","background-type":"","background-media":"","overlay-type":"","overlay-color":"","overlay-opacity":"","overlay-gradient":""},"tablet":{"background-color":"var(--ast-global-color-5)","background-image":"","background-repeat":"repeat","background-position":"center center","background-size":"auto","background-attachment":"scroll","background-type":"","background-media":"","overlay-type":"","overlay-color":"","overlay-opacity":"","overlay-gradient":""},"mobile":{"background-color":"var(--ast-global-color-5)","background-image":"","background-repeat":"repeat","background-position":"center center","background-size":"auto","background-attachment":"scroll","background-type":"","background-media":"","overlay-type":"","overlay-color":"","overlay-opacity":"","overlay-gradient":""}}},"product_brand":[],"product_cat":[31],"product_tag":[366,364,362],"class_list":{"0":"post-4046","1":"product","2":"type-product","3":"status-publish","4":"has-post-thumbnail","6":"product_cat-vestidos","7":"product_tag-estampado","8":"product_tag-flores","9":"product_tag-pedreria","10":"pa_color-amarillo","11":"pa_color-lila","12":"pa_condition-new","13":"pa_talla-l","14":"pa_talla-m","15":"pa_talla-s","16":"desktop-align-left","17":"tablet-align-left","18":"mobile-align-left","20":"first","21":"instock","22":"sale","23":"taxable","24":"shipping-taxable","25":"purchasable","26":"product-type-variable","27":"has-default-attributes"},"supplier_id":null,"supplier_sku":"","barcode":null,"atum_controlled":true,"out_stock_date":null,"out_stock_threshold":null,"inheritable":true,"inbound_stock":0,"stock_on_hold":0,"sold_today":0,"sales_last_days":0,"reserved_stock":0,"customer_returns":0,"warehouse_damage":0,"lost_in_post":0,"other_logs":0,"out_stock_days":0,"lost_sales":0,"has_location":false,"update_date":"2026-04-20T17:33:50","atum_locations":[],"atum_stock_status":"instock","restock_status":false,"low_stock_amount":"","sales_update_date":"2026-04-20T17:33:50","calc_backorders":null,"_links":{"self":[{"href":"https:\/\/nuriaaymerich.net\/pif\/wp-json\/wp\/v2\/product\/4046","targetHints":{"allow":["GET"]}}],"collection":[{"href":"https:\/\/nuriaaymerich.net\/pif\/wp-json\/wp\/v2\/product"}],"about":[{"href":"https:\/\/nuriaaymerich.net\/pif\/wp-json\/wp\/v2\/types\/product"}],"version-history":[{"count":2,"href":"https:\/\/nuriaaymerich.net\/pif\/wp-json\/wp\/v2\/product\/4046\/revisions"}],"predecessor-version":[{"id":5410,"href":"https:\/\/nuriaaymerich.net\/pif\/wp-json\/wp\/v2\/product\/4046\/revisions\/5410"}],"wp:featuredmedia":[{"embeddable":true,"href":"https:\/\/nuriaaymerich.net\/pif\/wp-json\/wp\/v2\/media\/4040"}],"wp:attachment":[{"href":"https:\/\/nuriaaymerich.net\/pif\/wp-json\/wp\/v2\/media?parent=4046"}],"wp:term":[{"taxonomy":"product_brand","embeddable":true,"href":"https:\/\/nuriaaymerich.net\/pif\/wp-json\/wp\/v2\/product_brand?post=4046"},{"taxonomy":"product_cat","embeddable":true,"href":"https:\/\/nuriaaymerich.net\/pif\/wp-json\/wp\/v2\/product_cat?post=4046"},{"taxonomy":"product_tag","embeddable":true,"href":"https:\/\/nuriaaymerich.net\/pif\/wp-json\/wp\/v2\/product_tag?post=4046"}],"curies":[{"name":"wp","href":"https:\/\/api.w.org\/{rel}","templated":true}]}}