{"id":4252,"date":"2022-10-26T17:58:32","date_gmt":"2022-10-26T15:58:32","guid":{"rendered":"https:\/\/nuriaaymerich.net\/pif\/vestido-midi-azul-con-pedreria-gatsby-2\/"},"modified":"2026-01-11T00:29:38","modified_gmt":"2026-01-10T23:29:38","slug":"vestido-midi-azul-con-pedreria-gatsby-2","status":"publish","type":"product","link":"https:\/\/nuriaaymerich.net\/pif\/vestido-midi-azul-con-pedreria-gatsby-2\/","title":{"rendered":"Vestido midi azul con pedrer\u00eda Gatsby"},"content":{"rendered":"<p>Vestido midi en crepe de seda azul, con cenefas bordadas y flecos de pedrer\u00eda (Flapper). Escote redondo. Estilo a\u00f1os 20\u00b4s<\/p>\n","protected":false},"excerpt":{"rendered":"<p>Vestido midi en crepe de seda azul, con cenefas bordadas y flecos de pedrer\u00eda estilo Flapper. Escote redondo<\/p>\n","protected":false},"featured_media":4241,"template":"","meta":{"site-sidebar-layout":"default","site-content-layout":"","ast-site-content-layout":"default","site-content-style":"default","site-sidebar-style":"default","ast-global-header-display":"","ast-banner-title-visibility":"","ast-main-header-display":"","ast-hfb-above-header-display":"","ast-hfb-below-header-display":"","ast-hfb-mobile-header-display":"","site-post-title":"","ast-breadcrumbs-content":"","ast-featured-img":"","footer-sml-layout":"","ast-disable-related-posts":"","theme-transparent-header-meta":"default","adv-header-id-meta":"","stick-header-meta":"","header-above-stick-meta":"","header-main-stick-meta":"","header-below-stick-meta":"","astra-migrate-meta-layouts":"set","ast-page-background-enabled":"default","ast-page-background-meta":{"desktop":{"background-color":"var(--ast-global-color-4)","background-image":"","background-repeat":"repeat","background-position":"center center","background-size":"auto","background-attachment":"scroll","background-type":"","background-media":"","overlay-type":"","overlay-color":"","overlay-opacity":"","overlay-gradient":""},"tablet":{"background-color":"","background-image":"","background-repeat":"repeat","background-position":"center center","background-size":"auto","background-attachment":"scroll","background-type":"","background-media":"","overlay-type":"","overlay-color":"","overlay-opacity":"","overlay-gradient":""},"mobile":{"background-color":"","background-image":"","background-repeat":"repeat","background-position":"center center","background-size":"auto","background-attachment":"scroll","background-type":"","background-media":"","overlay-type":"","overlay-color":"","overlay-opacity":"","overlay-gradient":""}},"ast-content-background-meta":{"desktop":{"background-color":"var(--ast-global-color-5)","background-image":"","background-repeat":"repeat","background-position":"center center","background-size":"auto","background-attachment":"scroll","background-type":"","background-media":"","overlay-type":"","overlay-color":"","overlay-opacity":"","overlay-gradient":""},"tablet":{"background-color":"var(--ast-global-color-5)","background-image":"","background-repeat":"repeat","background-position":"center center","background-size":"auto","background-attachment":"scroll","background-type":"","background-media":"","overlay-type":"","overlay-color":"","overlay-opacity":"","overlay-gradient":""},"mobile":{"background-color":"var(--ast-global-color-5)","background-image":"","background-repeat":"repeat","background-position":"center center","background-size":"auto","background-attachment":"scroll","background-type":"","background-media":"","overlay-type":"","overlay-color":"","overlay-opacity":"","overlay-gradient":""}}},"product_brand":[],"product_cat":[31],"product_tag":[362],"class_list":{"0":"post-4252","1":"product","2":"type-product","3":"status-publish","4":"has-post-thumbnail","6":"product_cat-vestidos","7":"product_tag-pedreria","8":"pa_color-azul","9":"pa_condition-new","10":"pa_talla-l","11":"pa_talla-m","12":"pa_talla-s","13":"desktop-align-left","14":"tablet-align-left","15":"mobile-align-left","17":"first","18":"instock","19":"sale","20":"taxable","21":"shipping-taxable","22":"purchasable","23":"product-type-variable","24":"has-default-attributes"},"supplier_id":null,"supplier_sku":"","barcode":null,"atum_controlled":true,"out_stock_date":null,"out_stock_threshold":null,"inheritable":true,"inbound_stock":0,"stock_on_hold":0,"sold_today":0,"sales_last_days":0,"reserved_stock":0,"customer_returns":0,"warehouse_damage":0,"lost_in_post":0,"other_logs":0,"out_stock_days":0,"lost_sales":0,"has_location":false,"update_date":"2026-04-20T17:33:50","atum_locations":[],"atum_stock_status":"instock","restock_status":false,"low_stock_amount":"","sales_update_date":"2026-04-20T17:33:50","calc_backorders":null,"_links":{"self":[{"href":"https:\/\/nuriaaymerich.net\/pif\/wp-json\/wp\/v2\/product\/4252","targetHints":{"allow":["GET"]}}],"collection":[{"href":"https:\/\/nuriaaymerich.net\/pif\/wp-json\/wp\/v2\/product"}],"about":[{"href":"https:\/\/nuriaaymerich.net\/pif\/wp-json\/wp\/v2\/types\/product"}],"version-history":[{"count":2,"href":"https:\/\/nuriaaymerich.net\/pif\/wp-json\/wp\/v2\/product\/4252\/revisions"}],"predecessor-version":[{"id":5386,"href":"https:\/\/nuriaaymerich.net\/pif\/wp-json\/wp\/v2\/product\/4252\/revisions\/5386"}],"wp:featuredmedia":[{"embeddable":true,"href":"https:\/\/nuriaaymerich.net\/pif\/wp-json\/wp\/v2\/media\/4241"}],"wp:attachment":[{"href":"https:\/\/nuriaaymerich.net\/pif\/wp-json\/wp\/v2\/media?parent=4252"}],"wp:term":[{"taxonomy":"product_brand","embeddable":true,"href":"https:\/\/nuriaaymerich.net\/pif\/wp-json\/wp\/v2\/product_brand?post=4252"},{"taxonomy":"product_cat","embeddable":true,"href":"https:\/\/nuriaaymerich.net\/pif\/wp-json\/wp\/v2\/product_cat?post=4252"},{"taxonomy":"product_tag","embeddable":true,"href":"https:\/\/nuriaaymerich.net\/pif\/wp-json\/wp\/v2\/product_tag?post=4252"}],"curies":[{"name":"wp","href":"https:\/\/api.w.org\/{rel}","templated":true}]}}