{"id":4360,"date":"2022-12-13T18:47:04","date_gmt":"2022-12-13T17:47:04","guid":{"rendered":"https:\/\/nuriaaymerich.net\/pif\/vestido-largo-embroidery-negro-champagne\/"},"modified":"2025-12-19T20:46:24","modified_gmt":"2025-12-19T19:46:24","slug":"vestido-largo-embroidery-negro-champagne","status":"publish","type":"product","link":"https:\/\/nuriaaymerich.net\/pif\/vestido-largo-embroidery-negro-champagne\/","title":{"rendered":"Vestido largo embroidery Negro champagne"},"content":{"rendered":"<p>Vestido largo fantas\u00eda con pedrer\u00eda, bordados y pasamaner\u00eda. Cuello halter, copas en pecho. Contraste forro sat\u00e9n color champagne y tul y crep exterior negros<\/p>\n","protected":false},"excerpt":{"rendered":"<p>Vestido largo fantas\u00eda con pedrer\u00eda, bordados y pasamaner\u00eda. Cuello halter, copas en pecho. Contraste colores forro y tul y crep exterior<\/p>\n","protected":false},"featured_media":4358,"template":"","meta":{"site-sidebar-layout":"default","site-content-layout":"","ast-site-content-layout":"default","site-content-style":"default","site-sidebar-style":"default","ast-global-header-display":"","ast-banner-title-visibility":"","ast-main-header-display":"","ast-hfb-above-header-display":"","ast-hfb-below-header-display":"","ast-hfb-mobile-header-display":"","site-post-title":"","ast-breadcrumbs-content":"","ast-featured-img":"","footer-sml-layout":"","ast-disable-related-posts":"","theme-transparent-header-meta":"default","adv-header-id-meta":"","stick-header-meta":"","header-above-stick-meta":"","header-main-stick-meta":"","header-below-stick-meta":"","astra-migrate-meta-layouts":"set","ast-page-background-enabled":"default","ast-page-background-meta":{"desktop":{"background-color":"var(--ast-global-color-4)","background-image":"","background-repeat":"repeat","background-position":"center center","background-size":"auto","background-attachment":"scroll","background-type":"","background-media":"","overlay-type":"","overlay-color":"","overlay-opacity":"","overlay-gradient":""},"tablet":{"background-color":"","background-image":"","background-repeat":"repeat","background-position":"center center","background-size":"auto","background-attachment":"scroll","background-type":"","background-media":"","overlay-type":"","overlay-color":"","overlay-opacity":"","overlay-gradient":""},"mobile":{"background-color":"","background-image":"","background-repeat":"repeat","background-position":"center center","background-size":"auto","background-attachment":"scroll","background-type":"","background-media":"","overlay-type":"","overlay-color":"","overlay-opacity":"","overlay-gradient":""}},"ast-content-background-meta":{"desktop":{"background-color":"var(--ast-global-color-5)","background-image":"","background-repeat":"repeat","background-position":"center center","background-size":"auto","background-attachment":"scroll","background-type":"","background-media":"","overlay-type":"","overlay-color":"","overlay-opacity":"","overlay-gradient":""},"tablet":{"background-color":"var(--ast-global-color-5)","background-image":"","background-repeat":"repeat","background-position":"center center","background-size":"auto","background-attachment":"scroll","background-type":"","background-media":"","overlay-type":"","overlay-color":"","overlay-opacity":"","overlay-gradient":""},"mobile":{"background-color":"var(--ast-global-color-5)","background-image":"","background-repeat":"repeat","background-position":"center center","background-size":"auto","background-attachment":"scroll","background-type":"","background-media":"","overlay-type":"","overlay-color":"","overlay-opacity":"","overlay-gradient":""}}},"product_brand":[],"product_cat":[31],"product_tag":[],"class_list":{"0":"post-4360","1":"product","2":"type-product","3":"status-publish","4":"has-post-thumbnail","6":"product_cat-vestidos","7":"pa_color-negro","8":"pa_condition-new","9":"pa_talla-l","10":"pa_talla-m","11":"pa_talla-s","12":"pa_talla-xl","13":"desktop-align-left","14":"tablet-align-left","15":"mobile-align-left","17":"first","18":"instock","19":"sale","20":"taxable","21":"shipping-taxable","22":"purchasable","23":"product-type-variable","24":"has-default-attributes"},"supplier_id":null,"supplier_sku":"","barcode":null,"atum_controlled":true,"out_stock_date":null,"out_stock_threshold":null,"inheritable":true,"inbound_stock":0,"stock_on_hold":0,"sold_today":0,"sales_last_days":0,"reserved_stock":0,"customer_returns":0,"warehouse_damage":0,"lost_in_post":0,"other_logs":0,"out_stock_days":0,"lost_sales":0,"has_location":false,"update_date":"2026-04-20T17:33:49","atum_locations":[],"atum_stock_status":"instock","restock_status":false,"low_stock_amount":"","sales_update_date":"2026-04-20T17:33:49","calc_backorders":null,"_links":{"self":[{"href":"https:\/\/nuriaaymerich.net\/pif\/wp-json\/wp\/v2\/product\/4360","targetHints":{"allow":["GET"]}}],"collection":[{"href":"https:\/\/nuriaaymerich.net\/pif\/wp-json\/wp\/v2\/product"}],"about":[{"href":"https:\/\/nuriaaymerich.net\/pif\/wp-json\/wp\/v2\/types\/product"}],"version-history":[{"count":1,"href":"https:\/\/nuriaaymerich.net\/pif\/wp-json\/wp\/v2\/product\/4360\/revisions"}],"predecessor-version":[{"id":5362,"href":"https:\/\/nuriaaymerich.net\/pif\/wp-json\/wp\/v2\/product\/4360\/revisions\/5362"}],"wp:featuredmedia":[{"embeddable":true,"href":"https:\/\/nuriaaymerich.net\/pif\/wp-json\/wp\/v2\/media\/4358"}],"wp:attachment":[{"href":"https:\/\/nuriaaymerich.net\/pif\/wp-json\/wp\/v2\/media?parent=4360"}],"wp:term":[{"taxonomy":"product_brand","embeddable":true,"href":"https:\/\/nuriaaymerich.net\/pif\/wp-json\/wp\/v2\/product_brand?post=4360"},{"taxonomy":"product_cat","embeddable":true,"href":"https:\/\/nuriaaymerich.net\/pif\/wp-json\/wp\/v2\/product_cat?post=4360"},{"taxonomy":"product_tag","embeddable":true,"href":"https:\/\/nuriaaymerich.net\/pif\/wp-json\/wp\/v2\/product_tag?post=4360"}],"curies":[{"name":"wp","href":"https:\/\/api.w.org\/{rel}","templated":true}]}}